{"id":1666,"date":"2018-09-01T05:41:32","date_gmt":"2018-09-01T05:41:32","guid":{"rendered":"https:\/\/citysquarevan.com\/home\/"},"modified":"2021-04-13T22:27:01","modified_gmt":"2021-04-14T05:27:01","slug":"home","status":"publish","type":"page","link":"https:\/\/citysquarevan.com\/zh-hant\/","title":{"rendered":"\u4e3b\u9801"},"content":{"rendered":"\t\t<div data-elementor-type=\"wp-page\" data-elementor-id=\"1666\" class=\"elementor elementor-1666 elementor-5\">\n\t\t\t\t\t\t\t\t\t<section class=\"elementor-section elementor-top-section elementor-element elementor-element-3f08cd3 elementor-section-boxed elementor-section-height-default elementor-section-height-default\" data-id=\"3f08cd3\" data-element_type=\"section\" data-settings=\"{&quot;jet_parallax_layout_list&quot;:[{&quot;jet_parallax_layout_image&quot;:{&quot;url&quot;:&quot;&quot;,&quot;id&quot;:&quot;&quot;,&quot;size&quot;:&quot;&quot;},&quot;_id&quot;:&quot;7be6713&quot;,&quot;jet_parallax_layout_speed&quot;:{&quot;unit&quot;:&quot;%&quot;,&quot;size&quot;:50,&quot;sizes&quot;:[]},&quot;jet_parallax_layout_image_tablet&quot;:{&quot;url&quot;:&quot;&quot;,&quot;id&quot;:&quot;&quot;,&quot;size&quot;:&quot;&quot;},&quot;jet_parallax_layout_image_mobile&quot;:{&quot;url&quot;:&quot;&quot;,&quot;id&quot;:&quot;&quot;,&quot;size&quot;:&quot;&quot;},&quot;jet_parallax_layout_type&quot;:&quot;scroll&quot;,&quot;jet_parallax_layout_direction&quot;:null,&quot;jet_parallax_layout_fx_direction&quot;:null,&quot;jet_parallax_layout_z_index&quot;:&quot;&quot;,&quot;jet_parallax_layout_bg_x&quot;:50,&quot;jet_parallax_layout_bg_x_tablet&quot;:&quot;&quot;,&quot;jet_parallax_layout_bg_x_mobile&quot;:&quot;&quot;,&quot;jet_parallax_layout_bg_y&quot;:50,&quot;jet_parallax_layout_bg_y_tablet&quot;:&quot;&quot;,&quot;jet_parallax_layout_bg_y_mobile&quot;:&quot;&quot;,&quot;jet_parallax_layout_bg_size&quot;:&quot;auto&quot;,&quot;jet_parallax_layout_bg_size_tablet&quot;:&quot;&quot;,&quot;jet_parallax_layout_bg_size_mobile&quot;:&quot;&quot;,&quot;jet_parallax_layout_animation_prop&quot;:&quot;transform&quot;,&quot;jet_parallax_layout_on&quot;:[&quot;desktop&quot;,&quot;tablet&quot;]}],&quot;background_background&quot;:&quot;classic&quot;,&quot;animation&quot;:&quot;none&quot;}\">\n\t\t\t\t\t\t<div class=\"elementor-container elementor-column-gap-default\">\n\t\t\t\t\t<div class=\"elementor-column elementor-col-100 elementor-top-column elementor-element elementor-element-a771532\" data-id=\"a771532\" data-element_type=\"column\">\n\t\t\t<div class=\"elementor-widget-wrap elementor-element-populated\">\n\t\t\t\t\t\t\t\t<div class=\"elementor-element elementor-element-6fb920e elementor-widget elementor-widget-spacer\" data-id=\"6fb920e\" data-element_type=\"widget\" data-widget_type=\"spacer.default\">\n\t\t\t\t<div class=\"elementor-widget-container\">\n\t\t\t\t\t<div class=\"elementor-spacer\">\n\t\t\t<div class=\"elementor-spacer-inner\"><\/div>\n\t\t<\/div>\n\t\t\t\t<\/div>\n\t\t\t\t<\/div>\n\t\t\t\t<div class=\"elementor-element elementor-element-eb4392f elementor-invisible elementor-widget elementor-widget-jet-slider\" data-id=\"eb4392f\" data-element_type=\"widget\" data-settings=\"{&quot;slider_height&quot;:{&quot;unit&quot;:&quot;px&quot;,&quot;size&quot;:425,&quot;sizes&quot;:[]},&quot;_animation&quot;:&quot;fadeIn&quot;,&quot;slider_height_tablet&quot;:{&quot;unit&quot;:&quot;px&quot;,&quot;size&quot;:&quot;&quot;,&quot;sizes&quot;:[]},&quot;slider_height_mobile&quot;:{&quot;unit&quot;:&quot;px&quot;,&quot;size&quot;:&quot;&quot;,&quot;sizes&quot;:[]}}\" data-widget_type=\"jet-slider.default\">\n\t\t\t\t<div class=\"elementor-widget-container\">\n\t\t\t<div class=\"elementor-jet-slider jet-elements\">\n<div class=\"jet-slider jet-slider__image-exact\" data-settings='{\"sliderWidth\":{\"unit\":\"%\",\"size\":100,\"sizes\":[]},\"sliderHeight\":{\"unit\":\"px\",\"size\":425,\"sizes\":[]},\"sliderNavigation\":true,\"sliderNavigationIcon\":\"jet-slider__arrow-icon-eb4392f\",\"sliderNaviOnHover\":false,\"sliderPagination\":false,\"sliderAutoplay\":true,\"sliderAutoplayDelay\":5000,\"sliderAutoplayOnHover\":\"pause\",\"sliderFullScreen\":false,\"sliderFullscreenIcon\":\"jet-slider__fullscreen-icon-eb4392f\",\"sliderShuffle\":false,\"sliderLoop\":true,\"sliderFadeMode\":true,\"slideDistance\":{\"unit\":\"px\",\"size\":10,\"sizes\":[]},\"slideDuration\":500,\"imageScaleMode\":\"exact\",\"thumbnails\":false,\"thumbnailWidth\":120,\"thumbnailHeight\":80,\"rightToLeft\":false,\"touchswipe\":true,\"fractionPag\":false}'>\n\t\n<div class=\"slider-pro\"><div class=\"jet-slider__arrow-icon-eb4392f hidden-html\"><i aria-hidden=\"true\" class=\"fas fa-angle-left\"><\/i><\/div><div class=\"jet-slider__fullscreen-icon-eb4392f hidden-html\"><\/div><div class=\"jet-slider__items sp-slides\">\n\n<div  class=\"jet-slider__item sp-slide elementor-repeater-item-1e20012\"><img decoding=\"async\" class=\"sp-image\" src=\"https:\/\/citysquarevan.com\/wp-content\/uploads\/slider-img.jpg\" alt=\"slider-img\" loading=\"lazy\"><div class=\"jet-slider__content sp-layer \" data-position=\"centerCenter\" data-width=\"100%\" data-height=\"100%\" data-horizontal=\"0%\" data-show-transition=\"up\" data-show-duration=\"400\" data-show-delay=\"400\" >\n\t\t<div class=\"jet-slider__content-item\">\n\t\t\t<div class=\"jet-slider__content-inner\"><h5 class=\"jet-slider__title\">\u6b61\u8fce\u4f86\u81e8<\/h5><h5 class=\"jet-slider__subtitle\">\u57ce\u5e02\u5ee3\u5834\u8cfc\u7269\u4e2d\u5fc3<\/h5>\n\t\t\t\t\t\t<div class=\"jet-slider__button-wrapper\">\t\t\t\t\t\t<\/div><\/div>\n\t\t<\/div>\n\t\t\t<\/div>\n<\/div>\n\n<div  class=\"jet-slider__item sp-slide elementor-repeater-item-e9d7d57\"><img decoding=\"async\" class=\"sp-image\" src=\"https:\/\/citysquarevan.com\/wp-content\/uploads\/priscilla-du-preez-dlxLGIy-2VU-unsplash-1024x683.jpg\" alt=\"priscilla-du-preez-dlxLGIy-2VU-unsplash\" loading=\"lazy\"><div class=\"jet-slider__content sp-layer \" data-position=\"centerCenter\" data-width=\"100%\" data-height=\"100%\" data-horizontal=\"0%\" data-show-transition=\"up\" data-show-duration=\"400\" data-show-delay=\"400\" >\n\t\t<div class=\"jet-slider__content-item\">\n\t\t\t<div class=\"jet-slider__content-inner\"><h5 class=\"jet-slider__title\">\u6b61\u8fce\u4f86\u81e8<\/h5><h5 class=\"jet-slider__subtitle\">\u57ce\u5e02\u5ee3\u5834\u8cfc\u7269\u4e2d\u5fc3<\/h5>\n\t\t\t\t\t\t<div class=\"jet-slider__button-wrapper\">\t\t\t\t\t\t<\/div><\/div>\n\t\t<\/div>\n\t\t\t<\/div>\n<\/div>\n\n<\/div>\n<\/div>\n<\/div>\n<\/div>\t\t<\/div>\n\t\t\t\t<\/div>\n\t\t\t\t\t<\/div>\n\t\t<\/div>\n\t\t\t\t\t\t\t<\/div>\n\t\t<\/section>\n\t\t\t\t<section class=\"elementor-section elementor-top-section elementor-element elementor-element-6376e71 elementor-section-boxed elementor-section-height-default elementor-section-height-default\" data-id=\"6376e71\" data-element_type=\"section\" data-settings=\"{&quot;jet_parallax_layout_list&quot;:[{&quot;jet_parallax_layout_image&quot;:{&quot;url&quot;:&quot;&quot;,&quot;id&quot;:&quot;&quot;,&quot;size&quot;:&quot;&quot;},&quot;_id&quot;:&quot;17ff5b0&quot;,&quot;jet_parallax_layout_speed&quot;:{&quot;unit&quot;:&quot;%&quot;,&quot;size&quot;:50,&quot;sizes&quot;:[]},&quot;jet_parallax_layout_image_tablet&quot;:{&quot;url&quot;:&quot;&quot;,&quot;id&quot;:&quot;&quot;,&quot;size&quot;:&quot;&quot;},&quot;jet_parallax_layout_image_mobile&quot;:{&quot;url&quot;:&quot;&quot;,&quot;id&quot;:&quot;&quot;,&quot;size&quot;:&quot;&quot;},&quot;jet_parallax_layout_type&quot;:&quot;scroll&quot;,&quot;jet_parallax_layout_direction&quot;:null,&quot;jet_parallax_layout_fx_direction&quot;:null,&quot;jet_parallax_layout_z_index&quot;:&quot;&quot;,&quot;jet_parallax_layout_bg_x&quot;:50,&quot;jet_parallax_layout_bg_x_tablet&quot;:&quot;&quot;,&quot;jet_parallax_layout_bg_x_mobile&quot;:&quot;&quot;,&quot;jet_parallax_layout_bg_y&quot;:50,&quot;jet_parallax_layout_bg_y_tablet&quot;:&quot;&quot;,&quot;jet_parallax_layout_bg_y_mobile&quot;:&quot;&quot;,&quot;jet_parallax_layout_bg_size&quot;:&quot;auto&quot;,&quot;jet_parallax_layout_bg_size_tablet&quot;:&quot;&quot;,&quot;jet_parallax_layout_bg_size_mobile&quot;:&quot;&quot;,&quot;jet_parallax_layout_animation_prop&quot;:&quot;transform&quot;,&quot;jet_parallax_layout_on&quot;:[&quot;desktop&quot;,&quot;tablet&quot;]}]}\">\n\t\t\t\t\t\t<div class=\"elementor-container elementor-column-gap-default\">\n\t\t\t\t\t<div class=\"elementor-column elementor-col-100 elementor-top-column elementor-element elementor-element-6293497\" data-id=\"6293497\" data-element_type=\"column\">\n\t\t\t<div class=\"elementor-widget-wrap elementor-element-populated\">\n\t\t\t\t\t\t\t\t<div class=\"elementor-element elementor-element-d56b64b elementor-widget elementor-widget-heading\" data-id=\"d56b64b\" data-element_type=\"widget\" data-widget_type=\"heading.default\">\n\t\t\t\t<div class=\"elementor-widget-container\">\n\t\t\t<h2 class=\"elementor-heading-title elementor-size-default\">\u7cbe\u5f69\u6d3b\u52d5<\/h2>\t\t<\/div>\n\t\t\t\t<\/div>\n\t\t\t\t<div class=\"elementor-element elementor-element-59cd644 elementor-widget elementor-widget-raven-posts-carousel\" data-id=\"59cd644\" data-element_type=\"widget\" data-settings=\"{&quot;_skin&quot;:&quot;cover&quot;,&quot;cover_columns_space_between&quot;:{&quot;unit&quot;:&quot;px&quot;,&quot;size&quot;:10,&quot;sizes&quot;:[]},&quot;query_posts_per_page&quot;:8,&quot;cover_slides_view&quot;:&quot;4&quot;,&quot;cover_slides_view_tablet&quot;:&quot;2&quot;,&quot;cover_slides_view_mobile&quot;:&quot;1&quot;,&quot;cover_slides_scroll&quot;:&quot;1&quot;,&quot;cover_slides_scroll_tablet&quot;:&quot;1&quot;,&quot;cover_slides_scroll_mobile&quot;:&quot;1&quot;,&quot;cover_transition_speed&quot;:500,&quot;cover_enable_infinite_loop&quot;:&quot;yes&quot;,&quot;cover_show_arrows&quot;:&quot;yes&quot;,&quot;query_offset&quot;:0,&quot;cover_columns_space_between_tablet&quot;:{&quot;unit&quot;:&quot;px&quot;,&quot;size&quot;:15,&quot;sizes&quot;:[]},&quot;cover_columns_space_between_mobile&quot;:{&quot;unit&quot;:&quot;px&quot;,&quot;size&quot;:15,&quot;sizes&quot;:[]}}\" data-widget_type=\"raven-posts-carousel.cover\">\n\t\t\t\t<div class=\"elementor-widget-container\">\n\t\t\t\t\t<div class=\"raven-posts-carousel raven-swiper-slider\">\n\t\t\t<div class=\"raven-posts-carousel-swiper-container swiper-container\">\n\t\t\t\t<div class=\"swiper-wrapper swiper-columns-4\" data-swiper='{&quot;rtl&quot;:false}'>\n\t\t\n\t\t<div class=\"swiper-slide\">\n\t\t\t<div class=\"raven-post-wrapper\">\n\t\t\t\t<div class=\"raven-post raven-post-inside\">\n\t\t\t\t\t\t\t<div class=\"raven-post-image-wrap\">\n\t\t\t<div class=\"raven-post-image raven-image-fit\" ><img loading=\"lazy\" width=\"820\" height=\"360\" src=\"https:\/\/citysquarevan.com\/wp-content\/uploads\/FacebookcoverHalloweennew.jpg\" class=\"attachment-full size-full wp-image-1671\" alt=\"\" decoding=\"async\" srcset=\"https:\/\/citysquarevan.com\/wp-content\/uploads\/FacebookcoverHalloweennew.jpg 820w, https:\/\/citysquarevan.com\/wp-content\/uploads\/FacebookcoverHalloweennew-300x132.jpg 300w, https:\/\/citysquarevan.com\/wp-content\/uploads\/FacebookcoverHalloweennew-768x337.jpg 768w\" sizes=\"(max-width: 820px) 100vw, 820px\" \/> <span class=\"raven-post-image-overlay\"><\/span><\/div>\t\t<\/div>\n\t\t\t\t\t\t\t\t<div class=\"raven-post-content\">\n\t\t\t\t\t\t\t<h3 class=\"raven-post-title\"><a class=\"raven-post-title-link\" href=\"https:\/\/citysquarevan.com\/zh-hant\/halloween-hunt-returns\/\">Halloween Hunt Returns!<\/a><\/h3>\t\t\t\t\t\t<\/div>\n\t\t\t\t\t\t\t\t\t\t<\/div>\n\t\t\t<\/div>\n\t\t<\/div>\n\t\t\n\t\t<div class=\"swiper-slide\">\n\t\t\t<div class=\"raven-post-wrapper\">\n\t\t\t\t<div class=\"raven-post raven-post-inside\">\n\t\t\t\t\t\t\t<div class=\"raven-post-image-wrap\">\n\t\t\t<div class=\"raven-post-image raven-image-fit\" ><img loading=\"lazy\" width=\"1200\" height=\"1200\" src=\"https:\/\/citysquarevan.com\/wp-content\/uploads\/CitySquareEasterInstagram-1.jpg\" class=\"attachment-full size-full wp-image-1725\" alt=\"\" decoding=\"async\" srcset=\"https:\/\/citysquarevan.com\/wp-content\/uploads\/CitySquareEasterInstagram-1.jpg 1200w, https:\/\/citysquarevan.com\/wp-content\/uploads\/CitySquareEasterInstagram-1-150x150.jpg 150w, https:\/\/citysquarevan.com\/wp-content\/uploads\/CitySquareEasterInstagram-1-300x300.jpg 300w, https:\/\/citysquarevan.com\/wp-content\/uploads\/CitySquareEasterInstagram-1-768x768.jpg 768w, https:\/\/citysquarevan.com\/wp-content\/uploads\/CitySquareEasterInstagram-1-1024x1024.jpg 1024w\" sizes=\"(max-width: 1200px) 100vw, 1200px\" \/> <span class=\"raven-post-image-overlay\"><\/span><\/div>\t\t<\/div>\n\t\t\t\t\t\t\t\t<div class=\"raven-post-content\">\n\t\t\t\t\t\t\t<h3 class=\"raven-post-title\"><a class=\"raven-post-title-link\" href=\"https:\/\/citysquarevan.com\/zh-hant\/hop-in-for-gold-easter-egg-hunt\/\">Hop In For Gold Easter Egg Hunt<\/a><\/h3>\t\t\t\t\t\t<\/div>\n\t\t\t\t\t\t\t\t\t\t<\/div>\n\t\t\t<\/div>\n\t\t<\/div>\n\t\t\n\t\t<div class=\"swiper-slide\">\n\t\t\t<div class=\"raven-post-wrapper\">\n\t\t\t\t<div class=\"raven-post raven-post-inside\">\n\t\t\t\t\t\t\t<div class=\"raven-post-image-wrap\">\n\t\t\t<div class=\"raven-post-image raven-image-fit\" ><img loading=\"lazy\" width=\"576\" height=\"302\" src=\"https:\/\/citysquarevan.com\/wp-content\/uploads\/FB_HALLOWEEN-1.jpg\" class=\"attachment-full size-full wp-image-1718\" alt=\"\" decoding=\"async\" srcset=\"https:\/\/citysquarevan.com\/wp-content\/uploads\/FB_HALLOWEEN-1.jpg 576w, https:\/\/citysquarevan.com\/wp-content\/uploads\/FB_HALLOWEEN-1-300x157.jpg 300w\" sizes=\"(max-width: 576px) 100vw, 576px\" \/> <span class=\"raven-post-image-overlay\"><\/span><\/div>\t\t<\/div>\n\t\t\t\t\t\t\t\t<div class=\"raven-post-content\">\n\t\t\t\t\t\t\t<h3 class=\"raven-post-title\"><a class=\"raven-post-title-link\" href=\"https:\/\/citysquarevan.com\/zh-hant\/halloween-hunt\/\">Halloween Hunt!<\/a><\/h3>\t\t\t\t\t\t<\/div>\n\t\t\t\t\t\t\t\t\t\t<\/div>\n\t\t\t<\/div>\n\t\t<\/div>\n\t\t\t\t\t\t<\/div>\n\t\t<div class=\"swiper-pagination swiper-pager-outside bullets-pagination-type\"><\/div>\n\t\t<\/div>\n\n\t\t\t\t\t\t\t<div class=\"swiper-button-prev\"><\/div>\n\t\t\t\t<div class=\"swiper-button-next\"><\/div>\n\t\t\t\n\t\t<\/div>\n\t\t\t\t<\/div>\n\t\t\t\t<\/div>\n\t\t\t\t<div class=\"elementor-element elementor-element-052775b elementor-align-center elementor-widget elementor-widget-button\" data-id=\"052775b\" data-element_type=\"widget\" data-widget_type=\"button.default\">\n\t\t\t\t<div class=\"elementor-widget-container\">\n\t\t\t\t\t<div class=\"elementor-button-wrapper\">\n\t\t\t<a class=\"elementor-button elementor-button-link elementor-size-md\" href=\"https:\/\/citysquarevan.com\/events\/\">\n\t\t\t\t\t\t<span class=\"elementor-button-content-wrapper\">\n\t\t\t\t\t\t<span class=\"elementor-button-text\">\u5c0e\u89bd\u66f4\u591a\u6d3b\u52d5<\/span>\n\t\t<\/span>\n\t\t\t\t\t<\/a>\n\t\t<\/div>\n\t\t\t\t<\/div>\n\t\t\t\t<\/div>\n\t\t\t\t\t<\/div>\n\t\t<\/div>\n\t\t\t\t\t\t\t<\/div>\n\t\t<\/section>\n\t\t\t\t<section class=\"elementor-section elementor-top-section elementor-element elementor-element-52707ba elementor-section-stretched elementor-section-full_width elementor-section-height-default elementor-section-height-default\" data-id=\"52707ba\" data-element_type=\"section\" data-settings=\"{&quot;jet_parallax_layout_list&quot;:[{&quot;jet_parallax_layout_image&quot;:{&quot;url&quot;:&quot;&quot;,&quot;id&quot;:&quot;&quot;,&quot;size&quot;:&quot;&quot;},&quot;_id&quot;:&quot;17ff5b0&quot;,&quot;jet_parallax_layout_speed&quot;:{&quot;unit&quot;:&quot;%&quot;,&quot;size&quot;:50,&quot;sizes&quot;:[]},&quot;jet_parallax_layout_image_tablet&quot;:{&quot;url&quot;:&quot;&quot;,&quot;id&quot;:&quot;&quot;,&quot;size&quot;:&quot;&quot;},&quot;jet_parallax_layout_image_mobile&quot;:{&quot;url&quot;:&quot;&quot;,&quot;id&quot;:&quot;&quot;,&quot;size&quot;:&quot;&quot;},&quot;jet_parallax_layout_type&quot;:&quot;scroll&quot;,&quot;jet_parallax_layout_direction&quot;:null,&quot;jet_parallax_layout_fx_direction&quot;:null,&quot;jet_parallax_layout_z_index&quot;:&quot;&quot;,&quot;jet_parallax_layout_bg_x&quot;:50,&quot;jet_parallax_layout_bg_x_tablet&quot;:&quot;&quot;,&quot;jet_parallax_layout_bg_x_mobile&quot;:&quot;&quot;,&quot;jet_parallax_layout_bg_y&quot;:50,&quot;jet_parallax_layout_bg_y_tablet&quot;:&quot;&quot;,&quot;jet_parallax_layout_bg_y_mobile&quot;:&quot;&quot;,&quot;jet_parallax_layout_bg_size&quot;:&quot;auto&quot;,&quot;jet_parallax_layout_bg_size_tablet&quot;:&quot;&quot;,&quot;jet_parallax_layout_bg_size_mobile&quot;:&quot;&quot;,&quot;jet_parallax_layout_animation_prop&quot;:&quot;transform&quot;,&quot;jet_parallax_layout_on&quot;:[&quot;desktop&quot;,&quot;tablet&quot;]}],&quot;stretch_section&quot;:&quot;section-stretched&quot;}\">\n\t\t\t\t\t\t<div class=\"elementor-container elementor-column-gap-default\">\n\t\t\t\t\t<div class=\"elementor-column elementor-col-100 elementor-top-column elementor-element elementor-element-c1d0c26\" data-id=\"c1d0c26\" data-element_type=\"column\">\n\t\t\t<div class=\"elementor-widget-wrap elementor-element-populated\">\n\t\t\t\t\t\t\t\t<div class=\"elementor-element elementor-element-15cacb0 elementor-widget elementor-widget-heading\" data-id=\"15cacb0\" data-element_type=\"widget\" data-widget_type=\"heading.default\">\n\t\t\t\t<div class=\"elementor-widget-container\">\n\t\t\t<h2 class=\"elementor-heading-title elementor-size-default\">Instagram<\/h2>\t\t<\/div>\n\t\t\t\t<\/div>\n\t\t\t\t<div class=\"elementor-element elementor-element-479a001 elementor-widget elementor-widget-shortcode\" data-id=\"479a001\" data-element_type=\"widget\" data-widget_type=\"shortcode.default\">\n\t\t\t\t<div class=\"elementor-widget-container\">\n\t\t\t<p>Flow-Flow message: Stream with specified ID not found or no feeds were added to stream<\/p>\t\t<div class=\"elementor-shortcode\"><\/div>\n\t\t\t\t<\/div>\n\t\t\t\t<\/div>\n\t\t\t\t<div class=\"elementor-element elementor-element-8c33424 elementor-align-center elementor-widget elementor-widget-button\" data-id=\"8c33424\" data-element_type=\"widget\" data-widget_type=\"button.default\">\n\t\t\t\t<div class=\"elementor-widget-container\">\n\t\t\t\t\t<div class=\"elementor-button-wrapper\">\n\t\t\t<a class=\"elementor-button elementor-button-link elementor-size-md\" href=\"https:\/\/www.instagram.com\/citysquareshoppingcentre\/\">\n\t\t\t\t\t\t<span class=\"elementor-button-content-wrapper\">\n\t\t\t\t\t\t<span class=\"elementor-button-text\">\u5c0e\u89bd\u6211\u5011\u7684Instagram  <\/span>\n\t\t<\/span>\n\t\t\t\t\t<\/a>\n\t\t<\/div>\n\t\t\t\t<\/div>\n\t\t\t\t<\/div>\n\t\t\t\t\t<\/div>\n\t\t<\/div>\n\t\t\t\t\t\t\t<\/div>\n\t\t<\/section>\n\t\t\t\t\t\t\t<\/div>\n\t\t","protected":false},"excerpt":{"rendered":"<p>\u57ce\u5e02\u5ee3\u5834\u8cfc\u7269\u4e2d\u5fc3 \u00e6\u00ad\u00a1\u00e8\u00bf\u017d\u00e4\u00be\u2020\u00e8\u2021\u00a8 \u00e5\u0178\u017d\u00e5\u00b8\u201a\u00e5\u00bb\u00a3\u00e5&nbsp;\u00b4\u00e8\u00b3\u00bc\u00e7\u2030\u00a9\u00e4\u00b8\u00ad\u00e5\u00bf\u0192 \u00e6\u00ad\u00a1 [&hellip;]<\/p>\n","protected":false},"author":1,"featured_media":0,"parent":0,"menu_order":0,"comment_status":"closed","ping_status":"closed","template":"elementor_header_footer","meta":{"footnotes":""},"acf":[],"yoast_head":"<!-- This site is optimized with the Yoast SEO plugin v21.8 - https:\/\/yoast.com\/wordpress\/plugins\/seo\/ -->\n<title>\u4e3b\u9801 - \u57ce\u5e02\u5ee3\u5834\u8cfc\u7269\u4e2d\u5fc3<\/title>\n<meta name=\"robots\" content=\"index, follow, max-snippet:-1, max-image-preview:large, max-video-preview:-1\" \/>\n<link rel=\"canonical\" href=\"https:\/\/citysquarevan.com\/zh-hant\/\" \/>\n<meta property=\"og:locale\" content=\"zh_TW\" \/>\n<meta property=\"og:type\" content=\"article\" \/>\n<meta property=\"og:title\" content=\"\u4e3b\u9801 - \u57ce\u5e02\u5ee3\u5834\u8cfc\u7269\u4e2d\u5fc3\" \/>\n<meta property=\"og:description\" content=\"\u57ce\u5e02\u5ee3\u5834\u8cfc\u7269\u4e2d\u5fc3 \u00e6\u00ad\u00a1\u00e8\u00bf\u017d\u00e4\u00be\u2020\u00e8\u2021\u00a8 \u00e5\u0178\u017d\u00e5\u00b8\u201a\u00e5\u00bb\u00a3\u00e5&nbsp;\u00b4\u00e8\u00b3\u00bc\u00e7\u2030\u00a9\u00e4\u00b8\u00ad\u00e5\u00bf\u0192 \u00e6\u00ad\u00a1 [&hellip;]\" \/>\n<meta property=\"og:url\" content=\"https:\/\/citysquarevan.com\/zh-hant\/\" \/>\n<meta property=\"og:site_name\" content=\"\u57ce\u5e02\u5ee3\u5834\u8cfc\u7269\u4e2d\u5fc3\" \/>\n<meta property=\"article:modified_time\" content=\"2021-04-14T05:27:01+00:00\" \/>\n<meta property=\"og:image\" content=\"https:\/\/citysquarevan.com\/wp-content\/uploads\/slider-img.jpg\" \/>\n<meta name=\"twitter:card\" content=\"summary_large_image\" \/>\n<meta name=\"twitter:label1\" content=\"\u9810\u4f30\u95b1\u8b80\u6642\u9593\" \/>\n\t<meta name=\"twitter:data1\" content=\"2 \u5206\u9418\" \/>\n<script type=\"application\/ld+json\" class=\"yoast-schema-graph\">{\"@context\":\"https:\/\/schema.org\",\"@graph\":[{\"@type\":\"WebPage\",\"@id\":\"https:\/\/citysquarevan.com\/zh-hant\/\",\"url\":\"https:\/\/citysquarevan.com\/zh-hant\/\",\"name\":\"\u4e3b\u9801 - \u57ce\u5e02\u5ee3\u5834\u8cfc\u7269\u4e2d\u5fc3\",\"isPartOf\":{\"@id\":\"https:\/\/citysquarevan.com\/#website\"},\"datePublished\":\"2018-09-01T05:41:32+00:00\",\"dateModified\":\"2021-04-14T05:27:01+00:00\",\"breadcrumb\":{\"@id\":\"https:\/\/citysquarevan.com\/zh-hant\/#breadcrumb\"},\"inLanguage\":\"zh-TW\",\"potentialAction\":[{\"@type\":\"ReadAction\",\"target\":[\"https:\/\/citysquarevan.com\/zh-hant\/\"]}]},{\"@type\":\"BreadcrumbList\",\"@id\":\"https:\/\/citysquarevan.com\/zh-hant\/#breadcrumb\",\"itemListElement\":[{\"@type\":\"ListItem\",\"position\":1,\"name\":\"Home\",\"item\":\"https:\/\/citysquarevan.com\/zh-hant\/\"},{\"@type\":\"ListItem\",\"position\":2,\"name\":\"\u4e3b\u9801\"}]},{\"@type\":\"WebSite\",\"@id\":\"https:\/\/citysquarevan.com\/#website\",\"url\":\"https:\/\/citysquarevan.com\/\",\"name\":\"\u57ce\u5e02\u5ee3\u5834\u8cfc\u7269\u4e2d\u5fc3\",\"description\":\"\",\"potentialAction\":[{\"@type\":\"SearchAction\",\"target\":{\"@type\":\"EntryPoint\",\"urlTemplate\":\"https:\/\/citysquarevan.com\/?s={search_term_string}\"},\"query-input\":\"required name=search_term_string\"}],\"inLanguage\":\"zh-TW\"}]}<\/script>\n<!-- \/ Yoast SEO plugin. -->","yoast_head_json":{"title":"\u4e3b\u9801 - \u57ce\u5e02\u5ee3\u5834\u8cfc\u7269\u4e2d\u5fc3","robots":{"index":"index","follow":"follow","max-snippet":"max-snippet:-1","max-image-preview":"max-image-preview:large","max-video-preview":"max-video-preview:-1"},"canonical":"https:\/\/citysquarevan.com\/zh-hant\/","og_locale":"zh_TW","og_type":"article","og_title":"\u4e3b\u9801 - \u57ce\u5e02\u5ee3\u5834\u8cfc\u7269\u4e2d\u5fc3","og_description":"\u57ce\u5e02\u5ee3\u5834\u8cfc\u7269\u4e2d\u5fc3 \u00e6\u00ad\u00a1\u00e8\u00bf\u017d\u00e4\u00be\u2020\u00e8\u2021\u00a8 \u00e5\u0178\u017d\u00e5\u00b8\u201a\u00e5\u00bb\u00a3\u00e5&nbsp;\u00b4\u00e8\u00b3\u00bc\u00e7\u2030\u00a9\u00e4\u00b8\u00ad\u00e5\u00bf\u0192 \u00e6\u00ad\u00a1 [&hellip;]","og_url":"https:\/\/citysquarevan.com\/zh-hant\/","og_site_name":"\u57ce\u5e02\u5ee3\u5834\u8cfc\u7269\u4e2d\u5fc3","article_modified_time":"2021-04-14T05:27:01+00:00","og_image":[{"url":"https:\/\/citysquarevan.com\/wp-content\/uploads\/slider-img.jpg"}],"twitter_card":"summary_large_image","twitter_misc":{"\u9810\u4f30\u95b1\u8b80\u6642\u9593":"2 \u5206\u9418"},"schema":{"@context":"https:\/\/schema.org","@graph":[{"@type":"WebPage","@id":"https:\/\/citysquarevan.com\/zh-hant\/","url":"https:\/\/citysquarevan.com\/zh-hant\/","name":"\u4e3b\u9801 - \u57ce\u5e02\u5ee3\u5834\u8cfc\u7269\u4e2d\u5fc3","isPartOf":{"@id":"https:\/\/citysquarevan.com\/#website"},"datePublished":"2018-09-01T05:41:32+00:00","dateModified":"2021-04-14T05:27:01+00:00","breadcrumb":{"@id":"https:\/\/citysquarevan.com\/zh-hant\/#breadcrumb"},"inLanguage":"zh-TW","potentialAction":[{"@type":"ReadAction","target":["https:\/\/citysquarevan.com\/zh-hant\/"]}]},{"@type":"BreadcrumbList","@id":"https:\/\/citysquarevan.com\/zh-hant\/#breadcrumb","itemListElement":[{"@type":"ListItem","position":1,"name":"Home","item":"https:\/\/citysquarevan.com\/zh-hant\/"},{"@type":"ListItem","position":2,"name":"\u4e3b\u9801"}]},{"@type":"WebSite","@id":"https:\/\/citysquarevan.com\/#website","url":"https:\/\/citysquarevan.com\/","name":"\u57ce\u5e02\u5ee3\u5834\u8cfc\u7269\u4e2d\u5fc3","description":"","potentialAction":[{"@type":"SearchAction","target":{"@type":"EntryPoint","urlTemplate":"https:\/\/citysquarevan.com\/?s={search_term_string}"},"query-input":"required name=search_term_string"}],"inLanguage":"zh-TW"}]}},"_links":{"self":[{"href":"https:\/\/citysquarevan.com\/zh-hant\/wp-json\/wp\/v2\/pages\/1666"}],"collection":[{"href":"https:\/\/citysquarevan.com\/zh-hant\/wp-json\/wp\/v2\/pages"}],"about":[{"href":"https:\/\/citysquarevan.com\/zh-hant\/wp-json\/wp\/v2\/types\/page"}],"author":[{"embeddable":true,"href":"https:\/\/citysquarevan.com\/zh-hant\/wp-json\/wp\/v2\/users\/1"}],"replies":[{"embeddable":true,"href":"https:\/\/citysquarevan.com\/zh-hant\/wp-json\/wp\/v2\/comments?post=1666"}],"version-history":[{"count":7,"href":"https:\/\/citysquarevan.com\/zh-hant\/wp-json\/wp\/v2\/pages\/1666\/revisions"}],"predecessor-version":[{"id":1879,"href":"https:\/\/citysquarevan.com\/zh-hant\/wp-json\/wp\/v2\/pages\/1666\/revisions\/1879"}],"wp:attachment":[{"href":"https:\/\/citysquarevan.com\/zh-hant\/wp-json\/wp\/v2\/media?parent=1666"}],"curies":[{"name":"wp","href":"https:\/\/api.w.org\/{rel}","templated":true}]}}